{"id":6,"date":"2023-10-24T22:13:14","date_gmt":"2023-10-24T20:13:14","guid":{"rendered":"https:\/\/www.roj.fr\/?page_id=6"},"modified":"2023-10-26T11:02:29","modified_gmt":"2023-10-26T09:02:29","slug":"petite-presentation","status":"publish","type":"page","link":"https:\/\/www.roj.fr\/","title":{"rendered":"Petite pr\u00e9sentation"},"content":{"rendered":"\n<p>Bienvenu sur mon petit site. Ici il n&rsquo;y a rien de vraiment d&rsquo;int\u00e9ressant. Ce site est simplement la partie visible de l&rsquo;iceberg qu&rsquo;est un nom de domaine.<br>Auparavant roj.fr \u00e9tait un mod (du contenu additionnel) pour jeu vid\u00e9o que l&rsquo;on avait pr\u00e9sent\u00e9 \u00e0 un concours mais \u00e7a c&rsquo;\u00e9tait avant\u2026<br>Alors depuis, j&rsquo;ai gard\u00e9 le nom de domaine (l&rsquo;adresse roj.fr) et je vais essayer de me pr\u00e9senter en quelques lignes sans tomber dans le pi\u00e8ge de l&rsquo;\u00e9go.<\/p>\n\n\n\n<p><br>Je m&rsquo;interroge depuis quelques temps sur ce besoin que j&rsquo;ai ou que je veux \u00eatre en soci\u00e9t\u00e9. Sur ce besoin de paraitre aux yeux des autres, d&rsquo;\u00eatre unique, d&rsquo;\u00eatre diff\u00e9rent et finalement peut \u00eatre un peu exceptionnel. On ressent tous ce besoin d&rsquo;\u00eatre valoris\u00e9 par les autres mais aussi par soi-m\u00eame. Mais comment savoir o\u00f9 se situe la fronti\u00e8re entre quelqu&rsquo;un de pr\u00e9tentieux et d\u2019humble ? Sachant finalement que je n&rsquo;ai rien d&rsquo;expectionnel&#8230;<br><\/p>\n\n\n\n<p>J&rsquo;ai fait le choix de ne pas \u00eatre sur les r\u00e9seaux sociaux comme Facebook, Twitter (ou X maintenant), Instagram, etc. Pourtant je me suis pris au jeu il y a quelques temps d&rsquo;\u00eatre sur Strava, simplement au d\u00e9but pour suivre l&rsquo;entra\u00eenement de mon fr\u00e8re avec qui je partageais un d\u00e9fi sportif et d\u00e9sormais j&rsquo;affiche ce que je fais, raconte mes sorties, prends des photos, donne des kudos (sorte de like pour valoriser les autres et ou soi-m\u00eame en fait), finalement bien loin de l&rsquo;id\u00e9e originelle de suivre simplement son fr\u00e8re\u2026<\/p>\n\n\n\n<p><br>Alors finalement \u00eatre pr\u00e9sent sur Strava pour s&rsquo;afficher mais pas sur Facebook ou autre, quel paradoxe&#8230;<\/p>\n\n\n\n<p><br>Je vais donc essayer rapidement de me pr\u00e9senter sans grande pr\u00e9tention.<br><\/p>\n\n\n\n<p>Je suis Dimitri LAFOND, passionn\u00e9 par la montagne o\u00f9 j&rsquo;y vis depuis quelques ann\u00e9es. Je pratique quelqu\u2019un des sports qui lui attrait comme l&rsquo;escalade, la rando, l&rsquo;alpinisme ou plus r\u00e9cemment le trail.<\/p>\n\n\n\n<p><br>Je bricole aussi depuis quelques ann\u00e9es en informatique (d&rsquo;o\u00f9 le site), en programmation et plus r\u00e9cemment en domotique pour occuper mes longues nuits d&rsquo;hiver\u2026<\/p>\n\n\n\n<p><\/p>\n","protected":false},"excerpt":{"rendered":"<p>Bienvenu sur mon petit site. Ici il n&rsquo;y a rien de vraiment d&rsquo;int\u00e9ressant. Ce site est simplement la partie visible de l&rsquo;iceberg qu&rsquo;est un nom de domaine.Auparavant roj.fr \u00e9tait un mod (du contenu additionnel) pour jeu vid\u00e9o que l&rsquo;on avait pr\u00e9sent\u00e9 \u00e0 un concours mais \u00e7a c&rsquo;\u00e9tait avant\u2026Alors depuis, j&rsquo;ai gard\u00e9 le nom de domaine &hellip; <\/p>\n<p class=\"link-more\"><a href=\"https:\/\/www.roj.fr\/\" class=\"more-link\">Continuer la lecture<span class=\"screen-reader-text\"> de &laquo;&nbsp;Petite pr\u00e9sentation&nbsp;&raquo;<\/span><\/a><\/p>\n","protected":false},"author":1,"featured_media":27,"parent":0,"menu_order":0,"comment_status":"closed","ping_status":"closed","template":"","meta":{"footnotes":""},"class_list":["post-6","page","type-page","status-publish","has-post-thumbnail","hentry"],"_links":{"self":[{"href":"https:\/\/www.roj.fr\/index.php?rest_route=\/wp\/v2\/pages\/6","targetHints":{"allow":["GET"]}}],"collection":[{"href":"https:\/\/www.roj.fr\/index.php?rest_route=\/wp\/v2\/pages"}],"about":[{"href":"https:\/\/www.roj.fr\/index.php?rest_route=\/wp\/v2\/types\/page"}],"author":[{"embeddable":true,"href":"https:\/\/www.roj.fr\/index.php?rest_route=\/wp\/v2\/users\/1"}],"replies":[{"embeddable":true,"href":"https:\/\/www.roj.fr\/index.php?rest_route=%2Fwp%2Fv2%2Fcomments&post=6"}],"version-history":[{"count":3,"href":"https:\/\/www.roj.fr\/index.php?rest_route=\/wp\/v2\/pages\/6\/revisions"}],"predecessor-version":[{"id":28,"href":"https:\/\/www.roj.fr\/index.php?rest_route=\/wp\/v2\/pages\/6\/revisions\/28"}],"wp:featuredmedia":[{"embeddable":true,"href":"https:\/\/www.roj.fr\/index.php?rest_route=\/wp\/v2\/media\/27"}],"wp:attachment":[{"href":"https:\/\/www.roj.fr\/index.php?rest_route=%2Fwp%2Fv2%2Fmedia&parent=6"}],"curies":[{"name":"wp","href":"https:\/\/api.w.org\/{rel}","templated":true}]}}